{"id":59,"date":"2019-11-06T14:07:31","date_gmt":"2019-11-06T13:07:31","guid":{"rendered":"https:\/\/prolitech.si\/trgovina\/?post_type=product&#038;p=59"},"modified":"2025-02-17T19:40:10","modified_gmt":"2025-02-17T18:40:10","slug":"enostremenska-bremenska-vrv","status":"publish","type":"product","link":"https:\/\/prolitech.si\/trgovina\/izdelek\/enostremenska-bremenska-vrv\/","title":{"rendered":"Enostremenska bremenska vrv"},"content":{"rendered":"<p>Enostremenska bremenska vrv je primerna, ko potrebujemo tovor pri dvigovanju vpeti samo na enem mestu.<\/p>\n<p>Dovoljene nosilnosti:<\/p>\n<p>&nbsp;<\/p>\n<table style=\"height: 271px;\" border=\"0\" align=\"center\">\n<tbody>\n<tr>\n<td style=\"text-align: center;\" rowspan=\"2\">\u00a0Premer vrvi v mm<\/td>\n<td style=\"text-align: center;\"><img loading=\"lazy\" decoding=\"async\" class=\"aligncenter size-full wp-image-3971\" src=\"https:\/\/prolitech.si\/trgovina\/wp-content\/uploads\/2019\/11\/Na_I.jpg\" alt=\"Na I\" width=\"90\" height=\"90\" \/><\/td>\n<td style=\"text-align: center;\"><img loading=\"lazy\" decoding=\"async\" class=\"aligncenter size-full wp-image-3972\" src=\"https:\/\/prolitech.si\/trgovina\/wp-content\/uploads\/2019\/11\/Na_U.jpg\" alt=\"Na U\" width=\"90\" height=\"90\" \/><\/td>\n<td style=\"text-align: center;\"><img loading=\"lazy\" decoding=\"async\" class=\"aligncenter size-full wp-image-3973\" src=\"https:\/\/prolitech.si\/trgovina\/wp-content\/uploads\/2019\/11\/Kot_90.jpg\" alt=\"Kot 90\" width=\"90\" height=\"90\" \/><\/td>\n<td style=\"text-align: center;\"><img loading=\"lazy\" decoding=\"async\" class=\"aligncenter size-full wp-image-3970\" src=\"https:\/\/prolitech.si\/trgovina\/wp-content\/uploads\/2019\/11\/Kot_120.jpg\" alt=\"Kot 120\" width=\"90\" height=\"90\" \/><\/td>\n<\/tr>\n<tr>\n<td style=\"text-align: center;\" colspan=\"4\">Nosilnost v kg<\/td>\n<\/tr>\n<tr>\n<td style=\"text-align: center;\">6<\/td>\n<td style=\"text-align: center;\">390<\/td>\n<td style=\"text-align: center;\">780<\/td>\n<td style=\"text-align: center;\">546<\/td>\n<td style=\"text-align: center;\">390<\/td>\n<\/tr>\n<tr>\n<td style=\"text-align: center;\">8<\/td>\n<td style=\"text-align: center;\">700<\/td>\n<td style=\"text-align: center;\">1400<\/td>\n<td style=\"text-align: center;\">950<\/td>\n<td style=\"text-align: center;\">700<\/td>\n<\/tr>\n<tr>\n<td style=\"text-align: center;\">10<\/td>\n<td style=\"text-align: center;\">1050<\/td>\n<td style=\"text-align: center;\">2100<\/td>\n<td style=\"text-align: center;\">1500<\/td>\n<td style=\"text-align: center;\">1050<\/td>\n<\/tr>\n<tr>\n<td style=\"text-align: center;\">12<\/td>\n<td style=\"text-align: center;\">1550<\/td>\n<td style=\"text-align: center;\">3100<\/td>\n<td style=\"text-align: center;\">2120<\/td>\n<td style=\"text-align: center;\">1550<\/td>\n<\/tr>\n<tr>\n<td style=\"text-align: center;\">14<\/td>\n<td style=\"text-align: center;\">2120<\/td>\n<td style=\"text-align: center;\">4240<\/td>\n<td style=\"text-align: center;\">3000<\/td>\n<td style=\"text-align: center;\">2120<\/td>\n<\/tr>\n<tr>\n<td style=\"text-align: center;\">16<\/td>\n<td style=\"text-align: center;\">2700<\/td>\n<td style=\"text-align: center;\">5400<\/td>\n<td style=\"text-align: center;\">3850<\/td>\n<td style=\"text-align: center;\">2700<\/td>\n<\/tr>\n<tr>\n<td style=\"text-align: center;\">18<\/td>\n<td style=\"text-align: center;\">3400<\/td>\n<td style=\"text-align: center;\">6800<\/td>\n<td style=\"text-align: center;\">4800<\/td>\n<td style=\"text-align: center;\">3400<\/td>\n<\/tr>\n<tr>\n<td style=\"text-align: center;\">20<\/td>\n<td style=\"text-align: center;\">4350<\/td>\n<td style=\"text-align: center;\">8700<\/td>\n<td style=\"text-align: center;\">6000<\/td>\n<td style=\"text-align: center;\">4350<\/td>\n<\/tr>\n<tr>\n<td style=\"text-align: center;\">22<\/td>\n<td style=\"text-align: center;\">5200<\/td>\n<td style=\"text-align: center;\">10400<\/td>\n<td style=\"text-align: center;\">7200<\/td>\n<td style=\"text-align: center;\">5200<\/td>\n<\/tr>\n<tr>\n<td style=\"text-align: center;\">26<\/td>\n<td style=\"text-align: center;\">7200<\/td>\n<td style=\"text-align: center;\">14400<\/td>\n<td style=\"text-align: center;\">10000<\/td>\n<td style=\"text-align: center;\">7200<\/td>\n<\/tr>\n<tr>\n<td style=\"text-align: center;\">30<\/td>\n<td style=\"text-align: center;\">10000<\/td>\n<td style=\"text-align: center;\">20000<\/td>\n<td style=\"text-align: center;\">14000<\/td>\n<td style=\"text-align: center;\">10000<\/td>\n<\/tr>\n<tr>\n<td style=\"text-align: center;\">36<\/td>\n<td style=\"text-align: center;\">14000<\/td>\n<td style=\"text-align: center;\">28000<\/td>\n<td style=\"text-align: center;\">19000<\/td>\n<td style=\"text-align: center;\">14000<\/td>\n<\/tr>\n<\/tbody>\n<\/table>\n<p>Meritev dol\u017eine:<\/p>\n<p><img loading=\"lazy\" decoding=\"async\" class=\"aligncenter size-full wp-image-3974\" src=\"https:\/\/prolitech.si\/trgovina\/wp-content\/uploads\/2019\/11\/Enokraka_jeklenica_kotirano.jpg\" alt=\"Enokraka jeklenica kotirano\" width=\"267\" height=\"146\" \/><\/p>\n<p>Oddajte svoje povpra\u0161evanje \u0161e danes:<\/p>\n<p><span data-sheets-value=\"{&quot;1&quot;:2,&quot;2&quot;:&quot;&quot;}\" data-sheets-userformat=\"{&quot;2&quot;:2561,&quot;3&quot;:{&quot;1&quot;:0},&quot;12&quot;:0,&quot;14&quot;:{&quot;1&quot;:2,&quot;2&quot;:0}}\"><div class=\"wpforms-container wpforms-container-full\" id=\"wpforms-19487\"><form id=\"wpforms-form-19487\" class=\"wpforms-validate wpforms-form wpforms-ajax-form\" data-formid=\"19487\" method=\"post\" enctype=\"multipart\/form-data\" action=\"\/trgovina\/wp-json\/wp\/v2\/product\/59\" data-token=\"792f4f1636f024cc48d74b708f55eb22\" data-token-time=\"1777514174\"><noscript class=\"wpforms-error-noscript\">Please enable JavaScript in your browser to complete this form.<\/noscript><div class=\"wpforms-field-container\"><div id=\"wpforms-19487-field_4-container\" class=\"wpforms-field wpforms-field-name\" data-field-id=\"4\"><label class=\"wpforms-field-label\" for=\"wpforms-19487-field_4\">Ime in priimek <span class=\"wpforms-required-label\">*<\/span><\/label><input type=\"text\" id=\"wpforms-19487-field_4\" class=\"wpforms-field-medium wpforms-field-required\" name=\"wpforms[fields][4]\" placeholder=\"Janez Novak\" required><\/div><div id=\"wpforms-19487-field_3-container\" class=\"wpforms-field wpforms-field-email\" data-field-id=\"3\"><label class=\"wpforms-field-label\" for=\"wpforms-19487-field_3\">E-naslov <span class=\"wpforms-required-label\">*<\/span><\/label><input type=\"email\" id=\"wpforms-19487-field_3\" class=\"wpforms-field-medium wpforms-field-required\" name=\"wpforms[fields][3]\" placeholder=\"*janez.novak@gmail.com\" spellcheck=\"false\" required><\/div><div id=\"wpforms-19487-field_7-container\" class=\"wpforms-field wpforms-field-textarea\" data-field-id=\"7\"><label class=\"wpforms-field-label\" for=\"wpforms-19487-field_7\">Kako vam lahko pomagamo?<\/label><textarea id=\"wpforms-19487-field_7\" class=\"wpforms-field-medium\" name=\"wpforms[fields][7]\" placeholder=\"*Potrebujem ponudbo za enodelno povezovalno verigo, povezovalne sile 4000 daN in dol\u017eine 3m. \" ><\/textarea><\/div><div id=\"wpforms-19487-field_6-container\" class=\"wpforms-field wpforms-field-checkbox\" data-field-id=\"6\"><label class=\"wpforms-field-label\">GDPR <span class=\"wpforms-required-label\">*<\/span><\/label><ul id=\"wpforms-19487-field_6\" class=\"wpforms-field-required\"><li class=\"choice-1 depth-1\"><input type=\"checkbox\" id=\"wpforms-19487-field_6_1\" name=\"wpforms[fields][6][]\" value=\"Zaradi GDPR je obvezna privolitev pred oddajo obrazca. Vneseni podatki bodo uporabljeni za izvedbo in bele\u017eenje povpra\u0161evanja. Va\u0161ih podatkov ne potrebujemo za druge namene in jih ne delimo z tretjimi osebami.\" required ><label class=\"wpforms-field-label-inline\" for=\"wpforms-19487-field_6_1\">Zaradi GDPR je obvezna privolitev pred oddajo obrazca. Vneseni podatki bodo uporabljeni za izvedbo in bele\u017eenje povpra\u0161evanja. Va\u0161ih podatkov ne potrebujemo za druge namene in jih ne delimo z tretjimi osebami.<\/label><\/li><\/ul><\/div><\/div><!-- .wpforms-field-container --><div class=\"wpforms-submit-container\" ><input type=\"hidden\" name=\"wpforms[id]\" value=\"19487\"><input type=\"hidden\" name=\"page_title\" value=\"\"><input type=\"hidden\" name=\"page_url\" value=\"https:\/\/prolitech.si\/trgovina\/wp-json\/wp\/v2\/product\/59\"><input type=\"hidden\" name=\"url_referer\" value=\"\"><button type=\"submit\" name=\"wpforms[submit]\" id=\"wpforms-submit-19487\" class=\"wpforms-submit\" data-alt-text=\"Po\u0161iljanje\" data-submit-text=\"Po\u0161lji\" aria-live=\"assertive\" value=\"wpforms-submit\">Po\u0161lji<\/button><img loading=\"lazy\" decoding=\"async\" src=\"https:\/\/prolitech.si\/trgovina\/wp-content\/plugins\/wpforms-lite\/assets\/images\/submit-spin.svg\" class=\"wpforms-submit-spinner\" style=\"display: none;\" width=\"26\" height=\"26\" alt=\"Loading\"><\/div><\/form><\/div>  <!-- .wpforms-container --><\/span><\/p>\n<p>Dol\u017eine priveznic lahko zaradi narave dela odstopajo od dejanskih mer.<\/p>\n<p>Vse slike in modeli so simboli\u010dni.<\/p>\n","protected":false},"excerpt":{"rendered":"<p>Enostremenska bremenska vrv je primerna, ko potrebujemo tovor pri dvigovanju vpeti samo na enem mestu. Dovoljene nosilnosti: &nbsp; \u00a0Premer vrvi<\/p>\n","protected":false},"featured_media":14214,"comment_status":"open","ping_status":"closed","template":"","meta":{"om_disable_all_campaigns":false,"_monsterinsights_skip_tracking":false,"_monsterinsights_sitenote_active":false,"_monsterinsights_sitenote_note":"","_monsterinsights_sitenote_category":0},"product_brand":[],"product_cat":[569,1544],"product_tag":[],"yst_prominent_words":[],"class_list":{"0":"post-59","1":"product","2":"type-product","3":"status-publish","4":"has-post-thumbnail","6":"product_cat-jeklenice","7":"product_cat-bremenske-vrvi","9":"first","10":"instock","11":"taxable","12":"shipping-taxable","13":"purchasable","14":"product-type-simple"},"aioseo_notices":[],"_links":{"self":[{"href":"https:\/\/prolitech.si\/trgovina\/wp-json\/wp\/v2\/product\/59","targetHints":{"allow":["GET"]}}],"collection":[{"href":"https:\/\/prolitech.si\/trgovina\/wp-json\/wp\/v2\/product"}],"about":[{"href":"https:\/\/prolitech.si\/trgovina\/wp-json\/wp\/v2\/types\/product"}],"replies":[{"embeddable":true,"href":"https:\/\/prolitech.si\/trgovina\/wp-json\/wp\/v2\/comments?post=59"}],"wp:featuredmedia":[{"embeddable":true,"href":"https:\/\/prolitech.si\/trgovina\/wp-json\/wp\/v2\/media\/14214"}],"wp:attachment":[{"href":"https:\/\/prolitech.si\/trgovina\/wp-json\/wp\/v2\/media?parent=59"}],"wp:term":[{"taxonomy":"product_brand","embeddable":true,"href":"https:\/\/prolitech.si\/trgovina\/wp-json\/wp\/v2\/product_brand?post=59"},{"taxonomy":"product_cat","embeddable":true,"href":"https:\/\/prolitech.si\/trgovina\/wp-json\/wp\/v2\/product_cat?post=59"},{"taxonomy":"product_tag","embeddable":true,"href":"https:\/\/prolitech.si\/trgovina\/wp-json\/wp\/v2\/product_tag?post=59"},{"taxonomy":"yst_prominent_words","embeddable":true,"href":"https:\/\/prolitech.si\/trgovina\/wp-json\/wp\/v2\/yst_prominent_words?post=59"}],"curies":[{"name":"wp","href":"https:\/\/api.w.org\/{rel}","templated":true}]}}