{"id":5791,"date":"2019-12-27T17:34:49","date_gmt":"2019-12-27T16:34:49","guid":{"rendered":"https:\/\/prolitech.si\/trgovina\/?post_type=product&#038;p=5791"},"modified":"2021-03-13T06:41:32","modified_gmt":"2021-03-13T05:41:32","slug":"verige-za-dvigala-na-meter","status":"publish","type":"product","link":"https:\/\/prolitech.si\/trgovina\/izdelek\/verige-za-dvigala-na-meter\/","title":{"rendered":"Verige za dvigala na meter"},"content":{"rendered":"<p>Verige za dvigala so namenjene uporabi z elektri\u010dnimi, kot tudi ro\u010dnimi veri\u017enimi dvigali. Pred nakupom preverite dimenzije verige, ki jo boste nadomestili. Verige ustrezajo standardu EN 818-7.<\/p>\n<p>Koli\u010dina 1 je enaka 1 metru. Torej \u010de \u017eelite kupiti 100m preprosto vnesite 100.<\/p>\n<p>Vse slike so simboli\u010dne.<\/p>\n","protected":false},"excerpt":{"rendered":"<p>Verige za dvigala so namenjene uporabi z elektri\u010dnimi, kot tudi ro\u010dnimi veri\u017enimi dvigali. Pred nakupom preverite dimenzije verige, ki jo<\/p>\n","protected":false},"featured_media":5930,"comment_status":"open","ping_status":"closed","template":"","meta":{"om_disable_all_campaigns":false,"_monsterinsights_skip_tracking":false,"_monsterinsights_sitenote_active":false,"_monsterinsights_sitenote_note":"","_monsterinsights_sitenote_category":0},"product_brand":[],"product_cat":[567],"product_tag":[],"yst_prominent_words":[],"class_list":{"0":"post-5791","1":"product","2":"type-product","3":"status-publish","4":"has-post-thumbnail","6":"product_cat-verige","8":"first","9":"instock","10":"taxable","11":"shipping-taxable","12":"purchasable","13":"product-type-variable"},"aioseo_notices":[],"_links":{"self":[{"href":"https:\/\/prolitech.si\/trgovina\/wp-json\/wp\/v2\/product\/5791","targetHints":{"allow":["GET"]}}],"collection":[{"href":"https:\/\/prolitech.si\/trgovina\/wp-json\/wp\/v2\/product"}],"about":[{"href":"https:\/\/prolitech.si\/trgovina\/wp-json\/wp\/v2\/types\/product"}],"replies":[{"embeddable":true,"href":"https:\/\/prolitech.si\/trgovina\/wp-json\/wp\/v2\/comments?post=5791"}],"wp:featuredmedia":[{"embeddable":true,"href":"https:\/\/prolitech.si\/trgovina\/wp-json\/wp\/v2\/media\/5930"}],"wp:attachment":[{"href":"https:\/\/prolitech.si\/trgovina\/wp-json\/wp\/v2\/media?parent=5791"}],"wp:term":[{"taxonomy":"product_brand","embeddable":true,"href":"https:\/\/prolitech.si\/trgovina\/wp-json\/wp\/v2\/product_brand?post=5791"},{"taxonomy":"product_cat","embeddable":true,"href":"https:\/\/prolitech.si\/trgovina\/wp-json\/wp\/v2\/product_cat?post=5791"},{"taxonomy":"product_tag","embeddable":true,"href":"https:\/\/prolitech.si\/trgovina\/wp-json\/wp\/v2\/product_tag?post=5791"},{"taxonomy":"yst_prominent_words","embeddable":true,"href":"https:\/\/prolitech.si\/trgovina\/wp-json\/wp\/v2\/yst_prominent_words?post=5791"}],"curies":[{"name":"wp","href":"https:\/\/api.w.org\/{rel}","templated":true}]}}