{"id":16497,"date":"2020-12-05T16:06:42","date_gmt":"2020-12-05T15:06:42","guid":{"rendered":"https:\/\/prolitech.si\/trgovina\/?post_type=product&#038;p=16497"},"modified":"2021-01-04T19:41:28","modified_gmt":"2021-01-04T18:41:28","slug":"vijacno-pritrdilo","status":"publish","type":"product","link":"https:\/\/prolitech.si\/trgovina\/izdelek\/vijacno-pritrdilo\/","title":{"rendered":"Vija\u010dno pritrdilo"},"content":{"rendered":"","protected":false},"excerpt":{"rendered":"<p>Vija\u010dna pritrdila se uporablja kot monta\u017ena pritrdila, saj jih po namestitvi elementov ve\u010dinoma odstranimo.<\/p>\n<ul>\n<li>primerna za ve\u010dje obremenitve<\/li>\n<li>odstranljiva po uporabi<\/li>\n<li>primerna za dvig pod razli\u010dnimi koti<\/li>\n<\/ul>\n","protected":false},"featured_media":16469,"comment_status":"open","ping_status":"closed","template":"","meta":{"om_disable_all_campaigns":false,"_monsterinsights_skip_tracking":false,"_monsterinsights_sitenote_active":false,"_monsterinsights_sitenote_note":"","_monsterinsights_sitenote_category":0},"product_brand":[],"product_cat":[571,1636],"product_tag":[],"yst_prominent_words":[],"class_list":{"0":"post-16497","1":"product","2":"type-product","3":"status-publish","4":"has-post-thumbnail","6":"product_cat-pritrdilni-elementi","7":"product_cat-vijacna-pritrdila","9":"first","10":"instock","11":"taxable","12":"shipping-taxable","13":"purchasable","14":"product-type-simple"},"aioseo_notices":[],"_links":{"self":[{"href":"https:\/\/prolitech.si\/trgovina\/wp-json\/wp\/v2\/product\/16497","targetHints":{"allow":["GET"]}}],"collection":[{"href":"https:\/\/prolitech.si\/trgovina\/wp-json\/wp\/v2\/product"}],"about":[{"href":"https:\/\/prolitech.si\/trgovina\/wp-json\/wp\/v2\/types\/product"}],"replies":[{"embeddable":true,"href":"https:\/\/prolitech.si\/trgovina\/wp-json\/wp\/v2\/comments?post=16497"}],"wp:featuredmedia":[{"embeddable":true,"href":"https:\/\/prolitech.si\/trgovina\/wp-json\/wp\/v2\/media\/16469"}],"wp:attachment":[{"href":"https:\/\/prolitech.si\/trgovina\/wp-json\/wp\/v2\/media?parent=16497"}],"wp:term":[{"taxonomy":"product_brand","embeddable":true,"href":"https:\/\/prolitech.si\/trgovina\/wp-json\/wp\/v2\/product_brand?post=16497"},{"taxonomy":"product_cat","embeddable":true,"href":"https:\/\/prolitech.si\/trgovina\/wp-json\/wp\/v2\/product_cat?post=16497"},{"taxonomy":"product_tag","embeddable":true,"href":"https:\/\/prolitech.si\/trgovina\/wp-json\/wp\/v2\/product_tag?post=16497"},{"taxonomy":"yst_prominent_words","embeddable":true,"href":"https:\/\/prolitech.si\/trgovina\/wp-json\/wp\/v2\/yst_prominent_words?post=16497"}],"curies":[{"name":"wp","href":"https:\/\/api.w.org\/{rel}","templated":true}]}}