{"id":16378,"date":"2020-11-24T19:55:18","date_gmt":"2020-11-24T18:55:18","guid":{"rendered":"https:\/\/prolitech.si\/trgovina\/?post_type=product&#038;p=16378"},"modified":"2024-10-30T09:07:43","modified_gmt":"2024-10-30T08:07:43","slug":"kotna-zascita-traku","status":"publish","type":"product","link":"https:\/\/prolitech.si\/trgovina\/izdelek\/kotna-zascita-traku\/","title":{"rendered":"Kotna za\u0161\u010dita traku"},"content":{"rendered":"<p><img loading=\"lazy\" decoding=\"async\" class=\"alignnone size-full wp-image-16377\" src=\"https:\/\/prolitech.si\/trgovina\/wp-content\/uploads\/2020\/11\/kotna-zascita-traku-70-mm.jpg\" alt=\"\" width=\"496\" height=\"374\" \/><\/p>\n","protected":false},"excerpt":{"rendered":"<p>Kotna za\u0161\u010dita se uporablja za za\u0161\u010dito traku pred po\u0161kodbami na ostrih robovih izdelkov in materialov<\/p>\n<ul>\n<li>za\u0161\u010dita brez magnetov<\/li>\n<li>za\u0161\u010dita z magneti<\/li>\n<li>za razli\u010dne \u0161irine traku<\/li>\n<li>protivrezen material<\/li>\n<\/ul>\n","protected":false},"featured_media":16377,"comment_status":"open","ping_status":"closed","template":"","meta":{"om_disable_all_campaigns":false,"_monsterinsights_skip_tracking":false,"_monsterinsights_sitenote_active":false,"_monsterinsights_sitenote_note":"","_monsterinsights_sitenote_category":0},"product_brand":[],"product_cat":[568,1634],"product_tag":[],"yst_prominent_words":[],"class_list":{"0":"post-16378","1":"product","2":"type-product","3":"status-publish","4":"has-post-thumbnail","6":"product_cat-trakovi","7":"product_cat-trakovi-dodatna-oprema","9":"first","10":"instock","11":"taxable","12":"shipping-taxable","13":"purchasable","14":"product-type-simple"},"aioseo_notices":[],"_links":{"self":[{"href":"https:\/\/prolitech.si\/trgovina\/wp-json\/wp\/v2\/product\/16378","targetHints":{"allow":["GET"]}}],"collection":[{"href":"https:\/\/prolitech.si\/trgovina\/wp-json\/wp\/v2\/product"}],"about":[{"href":"https:\/\/prolitech.si\/trgovina\/wp-json\/wp\/v2\/types\/product"}],"replies":[{"embeddable":true,"href":"https:\/\/prolitech.si\/trgovina\/wp-json\/wp\/v2\/comments?post=16378"}],"wp:featuredmedia":[{"embeddable":true,"href":"https:\/\/prolitech.si\/trgovina\/wp-json\/wp\/v2\/media\/16377"}],"wp:attachment":[{"href":"https:\/\/prolitech.si\/trgovina\/wp-json\/wp\/v2\/media?parent=16378"}],"wp:term":[{"taxonomy":"product_brand","embeddable":true,"href":"https:\/\/prolitech.si\/trgovina\/wp-json\/wp\/v2\/product_brand?post=16378"},{"taxonomy":"product_cat","embeddable":true,"href":"https:\/\/prolitech.si\/trgovina\/wp-json\/wp\/v2\/product_cat?post=16378"},{"taxonomy":"product_tag","embeddable":true,"href":"https:\/\/prolitech.si\/trgovina\/wp-json\/wp\/v2\/product_tag?post=16378"},{"taxonomy":"yst_prominent_words","embeddable":true,"href":"https:\/\/prolitech.si\/trgovina\/wp-json\/wp\/v2\/yst_prominent_words?post=16378"}],"curies":[{"name":"wp","href":"https:\/\/api.w.org\/{rel}","templated":true}]}}