{"id":13333,"date":"2020-07-03T08:23:46","date_gmt":"2020-07-03T06:23:46","guid":{"rendered":"https:\/\/prolitech.si\/trgovina\/?post_type=product&#038;p=13333"},"modified":"2025-02-17T18:58:17","modified_gmt":"2025-02-17T17:58:17","slug":"rocna-hidravlicna-crpalka","status":"publish","type":"product","link":"https:\/\/prolitech.si\/trgovina\/izdelek\/rocna-hidravlicna-crpalka\/","title":{"rendered":"Hidravli\u010dna ro\u010dna \u010drpalka"},"content":{"rendered":"<h5>Hidravli\u010dna ro\u010dna \u010drpalka, 720 bar<\/h5>\n<p>Ro\u010dna \u010drpalka, proizvajalca <a href=\"http:\/\/www.holmatro.com\">Holmatro<\/a> je dvostopenjska ro\u010dna \u010drpalka. Je ergonomsko zasnovana, ima robustno, kompaktno konstrukcijo, ponuja enostavno servisiranje in vzdr\u017eevanje ter zdru\u017euje nizko obratovalno silo z visokim izpustom olja. Ve\u010d o tema lahko premerete na https:\/\/prolitech.si\/prodajni-program\/hidravlicno-orodje-in-oprema\/.<\/p>\n<table width=\"642\">\n<tbody>\n<tr>\n<td colspan=\"6\" width=\"642\"><strong>Osnovne lastnosti:<\/strong><\/td>\n<\/tr>\n<tr>\n<td width=\"169\"><strong>Model<\/strong><\/td>\n<td width=\"96\"><strong>PA 04 H2<\/strong><\/td>\n<td width=\"95\"><strong>PA 09 H2<\/strong><\/td>\n<td width=\"94\"><strong>PA 18 H2<\/strong><\/td>\n<td width=\"95\"><strong>PA 38 H2<\/strong><\/td>\n<td width=\"94\"><strong>PA 58 H2<\/strong><\/td>\n<\/tr>\n<tr>\n<td width=\"169\">Max. delovni pritisk<\/td>\n<td width=\"96\">720 bar<\/td>\n<td width=\"95\">720 bar<\/td>\n<td width=\"94\">720 bar<\/td>\n<td width=\"95\">720 bar<\/td>\n<td width=\"94\">720 bar<\/td>\n<\/tr>\n<tr>\n<td width=\"169\">Stopnja tlaka 1 faza<\/td>\n<td width=\"96\">0 \u2013 45 bar<\/td>\n<td width=\"95\">0 \u2013 45 bar<\/td>\n<td width=\"94\">0 \u2013 45 bar<\/td>\n<td width=\"95\">0 \u2013 45 bar<\/td>\n<td width=\"94\">0 \u2013 45 bar<\/td>\n<\/tr>\n<tr>\n<td width=\"169\">Stopnja tlaka 2 faza<\/td>\n<td width=\"96\">45 \u2013 720 bar<\/td>\n<td width=\"95\">45 \u2013 720 bar<\/td>\n<td width=\"94\">45 \u2013 720 bar<\/td>\n<td width=\"95\">45 \u2013 720 bar<\/td>\n<td width=\"94\">45 \u2013 720 bar<\/td>\n<\/tr>\n<tr>\n<td width=\"169\">Max. operativna sila<\/td>\n<td width=\"96\">32 kg<\/td>\n<td width=\"95\">33 kg<\/td>\n<td width=\"94\">35 kg<\/td>\n<td width=\"95\">35 kg<\/td>\n<td width=\"94\">34 kg<\/td>\n<\/tr>\n<tr>\n<td width=\"169\">Kapaciteta olja<\/td>\n<td width=\"96\">500 cc<\/td>\n<td width=\"95\">1000 cc<\/td>\n<td width=\"94\">1990 cc<\/td>\n<td width=\"95\">4150 cc<\/td>\n<td width=\"94\">6150 cc<\/td>\n<\/tr>\n<tr>\n<td width=\"169\">Te\u017ea<\/td>\n<td width=\"96\">3,4 kg<\/td>\n<td width=\"95\">4,7 kg<\/td>\n<td width=\"94\">7,6 kg<\/td>\n<td width=\"95\">11,4 kg<\/td>\n<td width=\"94\">14,6 kg<\/td>\n<\/tr>\n<tr>\n<td colspan=\"6\" width=\"642\"><strong>Dimenzije (mm) &#8211; prikaz na skici spodaj:<\/strong><\/td>\n<\/tr>\n<tr>\n<td width=\"169\">A<\/td>\n<td width=\"96\">434<\/td>\n<td width=\"95\">619<\/td>\n<td width=\"94\">700<\/td>\n<td width=\"95\">700<\/td>\n<td width=\"94\">897<\/td>\n<\/tr>\n<tr>\n<td width=\"169\">B<\/td>\n<td width=\"96\">135<\/td>\n<td width=\"95\">135<\/td>\n<td width=\"94\">169<\/td>\n<td width=\"95\">183<\/td>\n<td width=\"94\">182<\/td>\n<\/tr>\n<tr>\n<td width=\"169\">C<\/td>\n<td width=\"96\">165<\/td>\n<td width=\"95\">170<\/td>\n<td width=\"94\">175<\/td>\n<td width=\"95\">175<\/td>\n<td width=\"94\">185<\/td>\n<\/tr>\n<\/tbody>\n<\/table>\n<p><img loading=\"lazy\" decoding=\"async\" class=\"alignnone wp-image-15339\" src=\"https:\/\/prolitech.si\/trgovina\/wp-content\/uploads\/2020\/07\/ro\u010dna-\u010drpalka-300x168.jpg\" alt=\"\" width=\"487\" height=\"273\" srcset=\"https:\/\/prolitech.si\/trgovina\/wp-content\/uploads\/2020\/07\/ro\u010dna-\u010drpalka-300x168.jpg 300w, https:\/\/prolitech.si\/trgovina\/wp-content\/uploads\/2020\/07\/ro\u010dna-\u010drpalka-600x335.jpg 600w, https:\/\/prolitech.si\/trgovina\/wp-content\/uploads\/2020\/07\/ro\u010dna-\u010drpalka-768x429.jpg 768w, https:\/\/prolitech.si\/trgovina\/wp-content\/uploads\/2020\/07\/ro\u010dna-\u010drpalka-1024x572.jpg 1024w, https:\/\/prolitech.si\/trgovina\/wp-content\/uploads\/2020\/07\/ro\u010dna-\u010drpalka.jpg 1198w\" sizes=\"auto, (max-width: 487px) 100vw, 487px\" \/><\/p>\n","protected":false},"excerpt":{"rendered":"<h5>Hidravli\u010dna ro\u010dna \u010drpalka 720 bar, proizvajalca Holmatro<\/h5>\n<ul>\n<li>Lahko prenosljiva in enostavna za uporabo<\/li>\n<li>Dvostopenjska<\/li>\n<li>Ro\u010daj z mehkim oprijemom<\/li>\n<li>Stabilnost \u2013 proti drsna guma<\/li>\n<li>Ergonomski dizajn<\/li>\n<li>* opcija &#8211; dodatno &#8211; z vgrajenim manometrom<\/li>\n<\/ul>\n<p>&nbsp;<\/p>\n","protected":false},"featured_media":15158,"comment_status":"open","ping_status":"closed","template":"","meta":{"om_disable_all_campaigns":false,"_monsterinsights_skip_tracking":false,"_monsterinsights_sitenote_active":false,"_monsterinsights_sitenote_note":"","_monsterinsights_sitenote_category":0},"product_brand":[],"product_cat":[1533],"product_tag":[1576,1578,1577],"yst_prominent_words":[],"class_list":{"0":"post-13333","1":"product","2":"type-product","3":"status-publish","4":"has-post-thumbnail","6":"product_cat-holmatro-hidravlicno-orodje","7":"product_tag-hidravlika","8":"product_tag-holmatro","9":"product_tag-rocna-crpalka","11":"first","12":"instock","13":"taxable","14":"shipping-taxable","15":"purchasable","16":"product-type-variable"},"aioseo_notices":[],"_links":{"self":[{"href":"https:\/\/prolitech.si\/trgovina\/wp-json\/wp\/v2\/product\/13333","targetHints":{"allow":["GET"]}}],"collection":[{"href":"https:\/\/prolitech.si\/trgovina\/wp-json\/wp\/v2\/product"}],"about":[{"href":"https:\/\/prolitech.si\/trgovina\/wp-json\/wp\/v2\/types\/product"}],"replies":[{"embeddable":true,"href":"https:\/\/prolitech.si\/trgovina\/wp-json\/wp\/v2\/comments?post=13333"}],"wp:featuredmedia":[{"embeddable":true,"href":"https:\/\/prolitech.si\/trgovina\/wp-json\/wp\/v2\/media\/15158"}],"wp:attachment":[{"href":"https:\/\/prolitech.si\/trgovina\/wp-json\/wp\/v2\/media?parent=13333"}],"wp:term":[{"taxonomy":"product_brand","embeddable":true,"href":"https:\/\/prolitech.si\/trgovina\/wp-json\/wp\/v2\/product_brand?post=13333"},{"taxonomy":"product_cat","embeddable":true,"href":"https:\/\/prolitech.si\/trgovina\/wp-json\/wp\/v2\/product_cat?post=13333"},{"taxonomy":"product_tag","embeddable":true,"href":"https:\/\/prolitech.si\/trgovina\/wp-json\/wp\/v2\/product_tag?post=13333"},{"taxonomy":"yst_prominent_words","embeddable":true,"href":"https:\/\/prolitech.si\/trgovina\/wp-json\/wp\/v2\/yst_prominent_words?post=13333"}],"curies":[{"name":"wp","href":"https:\/\/api.w.org\/{rel}","templated":true}]}}