{"id":13304,"date":"2020-07-02T15:20:45","date_gmt":"2020-07-02T13:20:45","guid":{"rendered":"https:\/\/prolitech.si\/trgovina\/?post_type=product&#038;p=13304"},"modified":"2022-12-30T18:36:00","modified_gmt":"2022-12-30T17:36:00","slug":"povezovalna-veriga-tycan","status":"publish","type":"product","link":"https:\/\/prolitech.si\/trgovina\/izdelek\/povezovalna-veriga-tycan\/","title":{"rendered":"Povezovalna veriga Tycan"},"content":{"rendered":"<p>Oddajte povpra\u0161evanje \u0161e danes:<\/p>\n<p><span data-sheets-value=\"{&quot;1&quot;:2,&quot;2&quot;:&quot;&quot;}\" data-sheets-userformat=\"{&quot;2&quot;:2561,&quot;3&quot;:{&quot;1&quot;:0},&quot;12&quot;:0,&quot;14&quot;:{&quot;1&quot;:2,&quot;2&quot;:0}}\"><div class=\"wpforms-container wpforms-container-full\" id=\"wpforms-19487\"><form id=\"wpforms-form-19487\" class=\"wpforms-validate wpforms-form wpforms-ajax-form\" data-formid=\"19487\" method=\"post\" enctype=\"multipart\/form-data\" action=\"\/trgovina\/wp-json\/wp\/v2\/product\/13304\" data-token=\"792f4f1636f024cc48d74b708f55eb22\" data-token-time=\"1777521205\"><noscript class=\"wpforms-error-noscript\">Please enable JavaScript in your browser to complete this form.<\/noscript><div class=\"wpforms-field-container\"><div id=\"wpforms-19487-field_4-container\" class=\"wpforms-field wpforms-field-name\" data-field-id=\"4\"><label class=\"wpforms-field-label\" for=\"wpforms-19487-field_4\">Ime in priimek <span class=\"wpforms-required-label\">*<\/span><\/label><input type=\"text\" id=\"wpforms-19487-field_4\" class=\"wpforms-field-medium wpforms-field-required\" name=\"wpforms[fields][4]\" placeholder=\"Janez Novak\" required><\/div><div id=\"wpforms-19487-field_3-container\" class=\"wpforms-field wpforms-field-email\" data-field-id=\"3\"><label class=\"wpforms-field-label\" for=\"wpforms-19487-field_3\">E-naslov <span class=\"wpforms-required-label\">*<\/span><\/label><input type=\"email\" id=\"wpforms-19487-field_3\" class=\"wpforms-field-medium wpforms-field-required\" name=\"wpforms[fields][3]\" placeholder=\"*janez.novak@gmail.com\" spellcheck=\"false\" required><\/div><div id=\"wpforms-19487-field_7-container\" class=\"wpforms-field wpforms-field-textarea\" data-field-id=\"7\"><label class=\"wpforms-field-label\" for=\"wpforms-19487-field_7\">Kako vam lahko pomagamo?<\/label><textarea id=\"wpforms-19487-field_7\" class=\"wpforms-field-medium\" name=\"wpforms[fields][7]\" placeholder=\"*Potrebujem ponudbo za enodelno povezovalno verigo, povezovalne sile 4000 daN in dol\u017eine 3m. \" ><\/textarea><\/div><div id=\"wpforms-19487-field_6-container\" class=\"wpforms-field wpforms-field-checkbox\" data-field-id=\"6\"><label class=\"wpforms-field-label\">GDPR <span class=\"wpforms-required-label\">*<\/span><\/label><ul id=\"wpforms-19487-field_6\" class=\"wpforms-field-required\"><li class=\"choice-1 depth-1\"><input type=\"checkbox\" id=\"wpforms-19487-field_6_1\" name=\"wpforms[fields][6][]\" value=\"Zaradi GDPR je obvezna privolitev pred oddajo obrazca. Vneseni podatki bodo uporabljeni za izvedbo in bele\u017eenje povpra\u0161evanja. Va\u0161ih podatkov ne potrebujemo za druge namene in jih ne delimo z tretjimi osebami.\" required ><label class=\"wpforms-field-label-inline\" for=\"wpforms-19487-field_6_1\">Zaradi GDPR je obvezna privolitev pred oddajo obrazca. Vneseni podatki bodo uporabljeni za izvedbo in bele\u017eenje povpra\u0161evanja. Va\u0161ih podatkov ne potrebujemo za druge namene in jih ne delimo z tretjimi osebami.<\/label><\/li><\/ul><\/div><\/div><!-- .wpforms-field-container --><div class=\"wpforms-submit-container\" ><input type=\"hidden\" name=\"wpforms[id]\" value=\"19487\"><input type=\"hidden\" name=\"page_title\" value=\"\"><input type=\"hidden\" name=\"page_url\" value=\"https:\/\/prolitech.si\/trgovina\/wp-json\/wp\/v2\/product\/13304\"><input type=\"hidden\" name=\"url_referer\" value=\"\"><button type=\"submit\" name=\"wpforms[submit]\" id=\"wpforms-submit-19487\" class=\"wpforms-submit\" data-alt-text=\"Po\u0161iljanje\" data-submit-text=\"Po\u0161lji\" aria-live=\"assertive\" value=\"wpforms-submit\">Po\u0161lji<\/button><img loading=\"lazy\" decoding=\"async\" src=\"https:\/\/prolitech.si\/trgovina\/wp-content\/plugins\/wpforms-lite\/assets\/images\/submit-spin.svg\" class=\"wpforms-submit-spinner\" style=\"display: none;\" width=\"26\" height=\"26\" alt=\"Loading\"><\/div><\/form><\/div>  <!-- .wpforms-container --><\/span><\/p>\n","protected":false},"excerpt":{"rendered":"<p>Oddajte povpra\u0161evanje \u0161e danes:<\/p>\n","protected":false},"featured_media":14085,"comment_status":"open","ping_status":"closed","template":"","meta":{"om_disable_all_campaigns":false,"_monsterinsights_skip_tracking":false,"_monsterinsights_sitenote_active":false,"_monsterinsights_sitenote_note":"","_monsterinsights_sitenote_category":0},"product_brand":[],"product_cat":[567,937],"product_tag":[],"yst_prominent_words":[],"class_list":{"0":"post-13304","1":"product","2":"type-product","3":"status-publish","4":"has-post-thumbnail","6":"product_cat-verige","7":"product_cat-tycan","9":"first","10":"instock","11":"taxable","12":"shipping-taxable","13":"purchasable","14":"product-type-simple"},"aioseo_notices":[],"_links":{"self":[{"href":"https:\/\/prolitech.si\/trgovina\/wp-json\/wp\/v2\/product\/13304","targetHints":{"allow":["GET"]}}],"collection":[{"href":"https:\/\/prolitech.si\/trgovina\/wp-json\/wp\/v2\/product"}],"about":[{"href":"https:\/\/prolitech.si\/trgovina\/wp-json\/wp\/v2\/types\/product"}],"replies":[{"embeddable":true,"href":"https:\/\/prolitech.si\/trgovina\/wp-json\/wp\/v2\/comments?post=13304"}],"wp:featuredmedia":[{"embeddable":true,"href":"https:\/\/prolitech.si\/trgovina\/wp-json\/wp\/v2\/media\/14085"}],"wp:attachment":[{"href":"https:\/\/prolitech.si\/trgovina\/wp-json\/wp\/v2\/media?parent=13304"}],"wp:term":[{"taxonomy":"product_brand","embeddable":true,"href":"https:\/\/prolitech.si\/trgovina\/wp-json\/wp\/v2\/product_brand?post=13304"},{"taxonomy":"product_cat","embeddable":true,"href":"https:\/\/prolitech.si\/trgovina\/wp-json\/wp\/v2\/product_cat?post=13304"},{"taxonomy":"product_tag","embeddable":true,"href":"https:\/\/prolitech.si\/trgovina\/wp-json\/wp\/v2\/product_tag?post=13304"},{"taxonomy":"yst_prominent_words","embeddable":true,"href":"https:\/\/prolitech.si\/trgovina\/wp-json\/wp\/v2\/yst_prominent_words?post=13304"}],"curies":[{"name":"wp","href":"https:\/\/api.w.org\/{rel}","templated":true}]}}