{"id":11405,"date":"2020-06-18T16:39:11","date_gmt":"2020-06-18T14:39:11","guid":{"rendered":"https:\/\/prolitech.si\/trgovina\/?post_type=product&#038;p=11405"},"modified":"2020-06-18T16:39:11","modified_gmt":"2020-06-18T14:39:11","slug":"verizni-skopec-xvsk","status":"publish","type":"product","link":"https:\/\/prolitech.si\/trgovina\/izdelek\/verizni-skopec-xvsk\/","title":{"rendered":"Veri\u017eni \u0161kopec XV\u0160K"},"content":{"rendered":"<p><img loading=\"lazy\" decoding=\"async\" class=\"alignnone size-full wp-image-11406\" src=\"https:\/\/prolitech.si\/trgovina\/wp-content\/uploads\/2020\/06\/20.-XV\u0160K-1200x283.jpg\" alt=\"Veri\u017eni \u0161kopec XV\u0160K\" width=\"1200\" height=\"283\" srcset=\"https:\/\/prolitech.si\/trgovina\/wp-content\/uploads\/2020\/06\/20.-XV\u0160K-1200x283.jpg 1200w, https:\/\/prolitech.si\/trgovina\/wp-content\/uploads\/2020\/06\/20.-XV\u0160K-1200x283-600x142.jpg 600w, https:\/\/prolitech.si\/trgovina\/wp-content\/uploads\/2020\/06\/20.-XV\u0160K-1200x283-300x71.jpg 300w, https:\/\/prolitech.si\/trgovina\/wp-content\/uploads\/2020\/06\/20.-XV\u0160K-1200x283-768x181.jpg 768w, https:\/\/prolitech.si\/trgovina\/wp-content\/uploads\/2020\/06\/20.-XV\u0160K-1200x283-1024x241.jpg 1024w\" sizes=\"auto, (max-width: 1200px) 100vw, 1200px\" \/><\/p>\n","protected":false},"excerpt":{"rendered":"","protected":false},"featured_media":11407,"comment_status":"open","ping_status":"closed","template":"","meta":{"om_disable_all_campaigns":false,"_monsterinsights_skip_tracking":false,"_monsterinsights_sitenote_active":false,"_monsterinsights_sitenote_note":"","_monsterinsights_sitenote_category":0},"product_brand":[],"product_cat":[567,588],"product_tag":[],"yst_prominent_words":[],"class_list":{"0":"post-11405","1":"product","2":"type-product","3":"status-publish","4":"has-post-thumbnail","6":"product_cat-verige","7":"product_cat-3-g10","9":"first","10":"instock","11":"taxable","12":"shipping-taxable","13":"purchasable","14":"product-type-variable"},"aioseo_notices":[],"_links":{"self":[{"href":"https:\/\/prolitech.si\/trgovina\/wp-json\/wp\/v2\/product\/11405","targetHints":{"allow":["GET"]}}],"collection":[{"href":"https:\/\/prolitech.si\/trgovina\/wp-json\/wp\/v2\/product"}],"about":[{"href":"https:\/\/prolitech.si\/trgovina\/wp-json\/wp\/v2\/types\/product"}],"replies":[{"embeddable":true,"href":"https:\/\/prolitech.si\/trgovina\/wp-json\/wp\/v2\/comments?post=11405"}],"wp:featuredmedia":[{"embeddable":true,"href":"https:\/\/prolitech.si\/trgovina\/wp-json\/wp\/v2\/media\/11407"}],"wp:attachment":[{"href":"https:\/\/prolitech.si\/trgovina\/wp-json\/wp\/v2\/media?parent=11405"}],"wp:term":[{"taxonomy":"product_brand","embeddable":true,"href":"https:\/\/prolitech.si\/trgovina\/wp-json\/wp\/v2\/product_brand?post=11405"},{"taxonomy":"product_cat","embeddable":true,"href":"https:\/\/prolitech.si\/trgovina\/wp-json\/wp\/v2\/product_cat?post=11405"},{"taxonomy":"product_tag","embeddable":true,"href":"https:\/\/prolitech.si\/trgovina\/wp-json\/wp\/v2\/product_tag?post=11405"},{"taxonomy":"yst_prominent_words","embeddable":true,"href":"https:\/\/prolitech.si\/trgovina\/wp-json\/wp\/v2\/yst_prominent_words?post=11405"}],"curies":[{"name":"wp","href":"https:\/\/api.w.org\/{rel}","templated":true}]}}