{"id":11227,"date":"2020-06-18T12:30:31","date_gmt":"2020-06-18T10:30:31","guid":{"rendered":"https:\/\/prolitech.si\/trgovina\/?post_type=product&#038;p=11227"},"modified":"2020-06-18T12:30:31","modified_gmt":"2020-06-18T10:30:31","slug":"verizni-skopec-vsk","status":"publish","type":"product","link":"https:\/\/prolitech.si\/trgovina\/izdelek\/verizni-skopec-vsk\/","title":{"rendered":"Veri\u017eni \u0161kopec V\u0160K"},"content":{"rendered":"<p><img loading=\"lazy\" decoding=\"async\" class=\"alignnone size-full wp-image-11228\" src=\"https:\/\/prolitech.si\/trgovina\/wp-content\/uploads\/2020\/06\/20.-V\u0160K.jpg\" alt=\"Veri\u017eni \u0161kopec V\u0160K\" width=\"1159\" height=\"231\" srcset=\"https:\/\/prolitech.si\/trgovina\/wp-content\/uploads\/2020\/06\/20.-V\u0160K.jpg 1159w, https:\/\/prolitech.si\/trgovina\/wp-content\/uploads\/2020\/06\/20.-V\u0160K-600x120.jpg 600w, https:\/\/prolitech.si\/trgovina\/wp-content\/uploads\/2020\/06\/20.-V\u0160K-300x60.jpg 300w, https:\/\/prolitech.si\/trgovina\/wp-content\/uploads\/2020\/06\/20.-V\u0160K-768x153.jpg 768w, https:\/\/prolitech.si\/trgovina\/wp-content\/uploads\/2020\/06\/20.-V\u0160K-1024x204.jpg 1024w\" sizes=\"auto, (max-width: 1159px) 100vw, 1159px\" \/><\/p>\n","protected":false},"excerpt":{"rendered":"","protected":false},"featured_media":11229,"comment_status":"open","ping_status":"closed","template":"","meta":{"om_disable_all_campaigns":false,"_monsterinsights_skip_tracking":false,"_monsterinsights_sitenote_active":false,"_monsterinsights_sitenote_note":"","_monsterinsights_sitenote_category":0},"product_brand":[],"product_cat":[567,587],"product_tag":[],"yst_prominent_words":[],"class_list":{"0":"post-11227","1":"product","2":"type-product","3":"status-publish","4":"has-post-thumbnail","6":"product_cat-verige","7":"product_cat-2-g8","9":"first","10":"instock","11":"taxable","12":"shipping-taxable","13":"purchasable","14":"product-type-variable"},"aioseo_notices":[],"_links":{"self":[{"href":"https:\/\/prolitech.si\/trgovina\/wp-json\/wp\/v2\/product\/11227","targetHints":{"allow":["GET"]}}],"collection":[{"href":"https:\/\/prolitech.si\/trgovina\/wp-json\/wp\/v2\/product"}],"about":[{"href":"https:\/\/prolitech.si\/trgovina\/wp-json\/wp\/v2\/types\/product"}],"replies":[{"embeddable":true,"href":"https:\/\/prolitech.si\/trgovina\/wp-json\/wp\/v2\/comments?post=11227"}],"wp:featuredmedia":[{"embeddable":true,"href":"https:\/\/prolitech.si\/trgovina\/wp-json\/wp\/v2\/media\/11229"}],"wp:attachment":[{"href":"https:\/\/prolitech.si\/trgovina\/wp-json\/wp\/v2\/media?parent=11227"}],"wp:term":[{"taxonomy":"product_brand","embeddable":true,"href":"https:\/\/prolitech.si\/trgovina\/wp-json\/wp\/v2\/product_brand?post=11227"},{"taxonomy":"product_cat","embeddable":true,"href":"https:\/\/prolitech.si\/trgovina\/wp-json\/wp\/v2\/product_cat?post=11227"},{"taxonomy":"product_tag","embeddable":true,"href":"https:\/\/prolitech.si\/trgovina\/wp-json\/wp\/v2\/product_tag?post=11227"},{"taxonomy":"yst_prominent_words","embeddable":true,"href":"https:\/\/prolitech.si\/trgovina\/wp-json\/wp\/v2\/yst_prominent_words?post=11227"}],"curies":[{"name":"wp","href":"https:\/\/api.w.org\/{rel}","templated":true}]}}