{"id":10950,"date":"2020-06-16T19:13:59","date_gmt":"2020-06-16T17:13:59","guid":{"rendered":"https:\/\/prolitech.si\/trgovina\/?post_type=product&#038;p=10950"},"modified":"2020-06-16T19:14:52","modified_gmt":"2020-06-16T17:14:52","slug":"hidravlicno-orodje","status":"publish","type":"product","link":"https:\/\/prolitech.si\/trgovina\/izdelek\/hidravlicno-orodje\/","title":{"rendered":"Hytorc hidravli\u010dno orodje"},"content":{"rendered":"<p>HYTORC je s 50-letnimi izku\u0161njami najbolj zaupanja vredno podjetje v svoji bran\u017ei. V celoti je osredoto\u010den na razvoj najkakovostnej\u0161ih industrijskih sistemov za vija\u010denje in pritrditve v vseh vrstah industrije. Odlikuga ga napredna tehnologija in \u0161irok spekter dodatne opreme za vse aplikacije.<\/p>\n<p>Za ve\u010d informacij stopite v stik z nami preko &#8220;povpra\u0161evanje&#8221;.<\/p>\n","protected":false},"excerpt":{"rendered":"<p>HYTORC je s 50-letnimi izku\u0161njami najbolj zaupanja vredno podjetje v svoji bran\u017ei. V celoti je osredoto\u010den na razvoj najkakovostnej\u0161ih industrijskih<\/p>\n","protected":false},"featured_media":10951,"comment_status":"open","ping_status":"closed","template":"","meta":{"om_disable_all_campaigns":false,"_monsterinsights_skip_tracking":false,"_monsterinsights_sitenote_active":false,"_monsterinsights_sitenote_note":"","_monsterinsights_sitenote_category":0},"product_brand":[],"product_cat":[15],"product_tag":[],"yst_prominent_words":[],"class_list":{"0":"post-10950","1":"product","2":"type-product","3":"status-publish","4":"has-post-thumbnail","6":"product_cat-hidravlicno-orodje","8":"first","9":"instock","10":"taxable","11":"shipping-taxable","12":"purchasable","13":"product-type-simple"},"aioseo_notices":[],"_links":{"self":[{"href":"https:\/\/prolitech.si\/trgovina\/wp-json\/wp\/v2\/product\/10950","targetHints":{"allow":["GET"]}}],"collection":[{"href":"https:\/\/prolitech.si\/trgovina\/wp-json\/wp\/v2\/product"}],"about":[{"href":"https:\/\/prolitech.si\/trgovina\/wp-json\/wp\/v2\/types\/product"}],"replies":[{"embeddable":true,"href":"https:\/\/prolitech.si\/trgovina\/wp-json\/wp\/v2\/comments?post=10950"}],"wp:featuredmedia":[{"embeddable":true,"href":"https:\/\/prolitech.si\/trgovina\/wp-json\/wp\/v2\/media\/10951"}],"wp:attachment":[{"href":"https:\/\/prolitech.si\/trgovina\/wp-json\/wp\/v2\/media?parent=10950"}],"wp:term":[{"taxonomy":"product_brand","embeddable":true,"href":"https:\/\/prolitech.si\/trgovina\/wp-json\/wp\/v2\/product_brand?post=10950"},{"taxonomy":"product_cat","embeddable":true,"href":"https:\/\/prolitech.si\/trgovina\/wp-json\/wp\/v2\/product_cat?post=10950"},{"taxonomy":"product_tag","embeddable":true,"href":"https:\/\/prolitech.si\/trgovina\/wp-json\/wp\/v2\/product_tag?post=10950"},{"taxonomy":"yst_prominent_words","embeddable":true,"href":"https:\/\/prolitech.si\/trgovina\/wp-json\/wp\/v2\/yst_prominent_words?post=10950"}],"curies":[{"name":"wp","href":"https:\/\/api.w.org\/{rel}","templated":true}]}}