{"id":10948,"date":"2020-06-16T18:56:01","date_gmt":"2020-06-16T16:56:01","guid":{"rendered":"https:\/\/prolitech.si\/trgovina\/?post_type=product&#038;p=10948"},"modified":"2020-06-16T18:56:01","modified_gmt":"2020-06-16T16:56:01","slug":"holmatro-hidravlicno-orodje","status":"publish","type":"product","link":"https:\/\/prolitech.si\/trgovina\/izdelek\/holmatro-hidravlicno-orodje\/","title":{"rendered":"Holmatro hidravli\u010dno orodje"},"content":{"rendered":"<p>V na\u0161i ponudbi se sedaj nahaja<strong> <a href=\"https:\/\/www.holmatro.com\/en\/industrial\">HOLMATRO<\/a> <\/strong>hidravli\u010dno orodje za industrijsko uporabo. Vrhunske ro\u010dne hidravli\u010dne \u010drpalke, hidravli\u010dni cilindri vseh vrst, hidravli\u010dne \u0161karje, hidravli\u010dni snemalci le\u017eajev in zobnikov, blazine ter vsa ostala oprema, ki jo potrebujete za svoje delo.<\/p>\n<p>Za ve\u010d informacij stopite v stik preko &#8220;povpra\u0161evanja&#8221;.<\/p>\n","protected":false},"excerpt":{"rendered":"<p>V na\u0161i ponudbi se sedaj nahaja HOLMATRO hidravli\u010dno orodje za industrijsko uporabo. Vrhunske ro\u010dne hidravli\u010dne \u010drpalke, hidravli\u010dni cilindri vseh vrst,<\/p>\n","protected":false},"featured_media":10949,"comment_status":"open","ping_status":"closed","template":"","meta":{"om_disable_all_campaigns":false,"_monsterinsights_skip_tracking":false,"_monsterinsights_sitenote_active":false,"_monsterinsights_sitenote_note":"","_monsterinsights_sitenote_category":0},"product_brand":[],"product_cat":[15],"product_tag":[],"yst_prominent_words":[],"class_list":{"0":"post-10948","1":"product","2":"type-product","3":"status-publish","4":"has-post-thumbnail","6":"product_cat-hidravlicno-orodje","8":"first","9":"instock","10":"taxable","11":"shipping-taxable","12":"purchasable","13":"product-type-simple"},"aioseo_notices":[],"_links":{"self":[{"href":"https:\/\/prolitech.si\/trgovina\/wp-json\/wp\/v2\/product\/10948","targetHints":{"allow":["GET"]}}],"collection":[{"href":"https:\/\/prolitech.si\/trgovina\/wp-json\/wp\/v2\/product"}],"about":[{"href":"https:\/\/prolitech.si\/trgovina\/wp-json\/wp\/v2\/types\/product"}],"replies":[{"embeddable":true,"href":"https:\/\/prolitech.si\/trgovina\/wp-json\/wp\/v2\/comments?post=10948"}],"wp:featuredmedia":[{"embeddable":true,"href":"https:\/\/prolitech.si\/trgovina\/wp-json\/wp\/v2\/media\/10949"}],"wp:attachment":[{"href":"https:\/\/prolitech.si\/trgovina\/wp-json\/wp\/v2\/media?parent=10948"}],"wp:term":[{"taxonomy":"product_brand","embeddable":true,"href":"https:\/\/prolitech.si\/trgovina\/wp-json\/wp\/v2\/product_brand?post=10948"},{"taxonomy":"product_cat","embeddable":true,"href":"https:\/\/prolitech.si\/trgovina\/wp-json\/wp\/v2\/product_cat?post=10948"},{"taxonomy":"product_tag","embeddable":true,"href":"https:\/\/prolitech.si\/trgovina\/wp-json\/wp\/v2\/product_tag?post=10948"},{"taxonomy":"yst_prominent_words","embeddable":true,"href":"https:\/\/prolitech.si\/trgovina\/wp-json\/wp\/v2\/yst_prominent_words?post=10948"}],"curies":[{"name":"wp","href":"https:\/\/api.w.org\/{rel}","templated":true}]}}