{"id":3,"date":"2019-10-30T09:41:04","date_gmt":"2019-10-30T09:41:04","guid":{"rendered":"https:\/\/prolitech.si\/trgovina\/?page_id=3"},"modified":"2020-06-26T16:36:10","modified_gmt":"2020-06-26T14:36:10","slug":"politika-zasebnosti","status":"publish","type":"page","link":"https:\/\/prolitech.si\/trgovina\/politika-zasebnosti\/","title":{"rendered":"Politika zasebnosti"},"content":{"rendered":"<p>[vc_row][vc_column][vc_column_text text_larger=&#8221;no&#8221;]<\/p>\n<p><strong>Politika zasebnosti<\/strong><strong>\u00a0<\/strong><\/p>\n<p>Spletna stran prolitech.si\/trgovina v nadaljevanju Trgovec je v lasti podjetja:<\/p>\n<p>&nbsp;<\/p>\n<p>Prolitech d.o.o.<\/p>\n<p>Langusova ulica 81<\/p>\n<p>4240 Radovljica<\/p>\n<p>Mati\u010dna \u0161tevilka: 8230021000<\/p>\n<p>Dav\u010dna \u0161tevilka: SI 46465065<\/p>\n<p>&nbsp;<\/p>\n<ol>\n<li><strong>Splo\u0161no<\/strong><\/li>\n<\/ol>\n<p>Trgovec se zavezuje, da bo varoval zaupnost osebnih podatkov in zasebnost uporabnikov spletne strani. Zbrane osebne podatke bo Trgovec uporabljal izklju\u010dno za opravljanje storitev, ki jih ponuja. Trgovec spo\u0161tuje zaupnost osebnih podatkov in zasebnost uporabnikov spletne strani, zato bo storil vse potrebno, da jih za\u0161\u010diti pred kakr\u0161nimikoli kr\u0161itvami in zlorabami. Osebni podatki uporabnikov so eno izmed podro\u010dij, kateremu Trgovec posve\u010da izredno skrb in pozornost, saj se zaveda ob\u010dutljive narave tega podro\u010dja.<\/p>\n<ol start=\"2\">\n<li><strong>Uporaba osebnih podatkov<\/strong><\/li>\n<\/ol>\n<p>Trgovec za potrebe opravljanja storitev, ki jih ponuja, zbira, vodi, obdeluje in shranjuje naslednje uporabnikove podatke:<\/p>\n<ul>\n<li>ime in priimek;<\/li>\n<li>naslove za dostavo;<\/li>\n<li>podjetje oz. naziv pravne osebe;<\/li>\n<li>dav\u010dno \u0161tevilko pravne osebe;<\/li>\n<li>naslov elektronske po\u0161te (uporabni\u0161ko ime);<\/li>\n<li>geslo v \u0161ifrirani obliki;<\/li>\n<li>kontaktno telefonsko \u0161tevilko;<\/li>\n<li>dr\u017eavo bivanja;<\/li>\n<li>druge podatke, ki jih uporabnik prostovoljno vnese v obrazce na spletni strani;<\/li>\n<li>druge podatke, ki jih uporabnik prostovoljno doda naknadno v svojem profilu.<\/li>\n<\/ul>\n<p>Za pravilnost, popolnost in a\u017eurnost podatkov, ki jih vnesejo uporabniki, Trgovec ne odgovarja.<\/p>\n<ol start=\"3\">\n<li><strong>Pi\u0161kotki in IP naslovi<\/strong><\/li>\n<\/ol>\n<p>Trgovec vsakemu uporabniku ob za\u010detku vsakokratne uporabe spletne trgovine dodeli pi\u0161kotek za identifikacijo, spremljanje oddajanja povpra\u0161evanja in zagotavljanje sledljivosti (t.i. \u201ccookie\u201d), ki se v pomnilniku stre\u017enika shranjuje le za \u010das trajanja obiska spletne strani in se izbri\u0161e po eni uri neaktivnosti. Trgovec lahko na osebni ra\u010dunalnik uporabnika shrani tudi nekatere trajne pi\u0161kotke, kot npr. identifikacijska \u0161tevilka uporabnika v \u0161ifrirani obliki za prepoznavanje ob naslednjem obisku spletne trgovine ali ocene artiklov, s pomo\u010djo katerega uporabnik ve, katere artikle je \u017ee ocenil, posredno pa tudi pi\u0161kotke zunanje storitve Google Analytics, ki slu\u017eijo analizi obiskov spletnega mesta. Trgovec lahko te podatke v anonimizirani sumarni obliki uporabi za namene statisti\u010dnih analiz. Za potrebe zagotavljanja spletne varnosti Trgovec zbira tudi IP naslove, iz katerih uporabniki dostopajo do spletne strani.<\/p>\n<ol start=\"4\">\n<li><strong>Izjava o varovanju zaupnosti osebnih podatkov in zasebnosti uporabnikov<\/strong><\/li>\n<\/ol>\n<p>Trgovec je v skladu s predpisi, ki urejajo varstvo osebnih podatkov, zavezan k varovanju osebnih podatkov uporabnikov njegove spletne trgovine. Trgovec ne bo pod nobenim pogojem brez izrecnega dovoljenja uporabnika posredoval osebnih oz. drugih podatkov uporabnika tretji osebi oz. ne bo omogo\u010dil tretji osebi, da vpogleda v osebne oz. druge podatke uporabnika, razen \u010de bi to od njega zahtevale dr\u017eavne oblasti, \u010de je taka obveznost dolo\u010dena v zakonu, ali v dobri veri, da je tako ukrepanje potrebno za postopke pred sodi\u0161\u010di ali drugimi dr\u017eavnimi organi ter za za\u0161\u010dito in uresni\u010devanje zakonitih interesov Trgovca.<\/p>\n<p>Vsi osebni in drugi podatki, ki jih bo uporabnik posredoval ob prijavi v spletno stran, kot tudi ob oddaji povpra\u0161evanja, vklju\u010dno z vsebino povpra\u0161evanja, bodo varovani v skladu s predpisi, ki urejajo varstvo osebnih podatkov. Trgovec teh podatkov ne bo uporabil v namen, ki bi kakorkoli \u0161kodoval uporabniku ali drugi vpleteni osebi. Trgovec podatkov uporabnikov ne bo uporabil za po\u0161iljanje promocijske e-po\u0161te ali drugega neza\u017eelenega promocijskega materiala, razen za po\u0161iljanje tistih promocijskih obvestil, na katere se bo uporabnik naro\u010dil oz. s katerimi bo sogla\u0161al. Trgovec lahko podatke v anonimizirani sumarni obliki uporabi za namene statisti\u010dnih analiz. Zaupnost osebnih in drugih podatkov uporabnikov ne bo kr\u0161ena v nobeni obliki.<\/p>\n<p>Dostavni slu\u017ebi (npr. Po\u0161ta Slovenije, DHL, UPS, GLS ipd.) bo Trgovec zaupal le potrebne podatke za dostavo sprejetih ponudb kupljenih izdelkov (podatki o prejemniku in naslov za dostavo). Prek elektronske po\u0161te bo Trgovec stopil v stik z uporabnikom, \u010de bo to potrebno za izvedbo povpra\u0161evanja, prek kontaktne telefonske \u0161tevilke pa le, \u010de bo v postopku registracije oz. povpra\u0161evanja na spletni strani pri\u0161lo do te\u017eav.<\/p>\n<ol start=\"5\">\n<li><strong>Izvajanje politike zasebnosti<\/strong><\/li>\n<\/ol>\n<p>Vse pri Trgovcu redno ali honorarno zaposlene osebe, ki imajo dostop do osebnih in drugih podatkov uporabnikov, so seznanjene z dol\u017enostjo varovanja osebnih in drugih podatkov in so dol\u017ene upo\u0161tevati ta dolo\u010dila o varovanju zaupnosti osebnih podatkov in zasebnosti uporabnikov spletne strani. Dol\u017enost varovanja osebnih in drugih podatkov velja \u010dasovno neomejeno, tudi po prenehanju razmerja s Trgovcem.<\/p>\n<p>Registrirani uporabniki lahko kadarkoli prenehajo uporabljati spletno stran in lahko prekli\u010dejo svojo registracijo. To storijo tako, da s pisno izjavo Trgovcu sporo\u010dijo preklic registracije. Pred podajo izjave o preklicu registracije mora uporabnik Trgovcu poravnati vse \u0161e neporavnane obveznosti iz naslova opravljenih povpra\u0161evanj na spletni strani. Trgovec bo zaupnost osebnih podatkov in zasebnost uporabnikov spletne strani v okviru te politike zasebnosti varoval tudi v primeru preklica registracije.<\/p>\n<ol start=\"6\">\n<li><strong>Dodatna pojasnila<\/strong><\/li>\n<\/ol>\n<p>\u010ce imate vpra\u0161anja, te\u017eave ali pripombe glede te politike zasebnosti, nam to lahko sporo\u010dite na <a href=\"mailto: robert.dermota@prolitech.si\">elektronski naslov<\/a>.<\/p>\n<p>&nbsp;<\/p>\n<p>&nbsp;<\/p>\n<p>[\/vc_column_text][\/vc_column][\/vc_row]<\/p>\n","protected":false},"excerpt":{"rendered":"<p>[vc_row][vc_column][vc_column_text text_larger=&#8221;no&#8221;] Politika zasebnosti\u00a0 Spletna stran prolitech.si\/trgovina v nadaljevanju Trgovec je v lasti podjetja: &nbsp; Prolitech d.o.o. Langusova ulica 81<\/p>\n","protected":false},"author":1,"featured_media":0,"parent":0,"menu_order":0,"comment_status":"closed","ping_status":"open","template":"","meta":{"om_disable_all_campaigns":false,"_monsterinsights_skip_tracking":false,"_monsterinsights_sitenote_active":false,"_monsterinsights_sitenote_note":"","_monsterinsights_sitenote_category":0,"footnotes":""},"yst_prominent_words":[],"class_list":["post-3","page","type-page","status-publish","hentry"],"aioseo_notices":[],"_links":{"self":[{"href":"https:\/\/prolitech.si\/trgovina\/wp-json\/wp\/v2\/pages\/3","targetHints":{"allow":["GET"]}}],"collection":[{"href":"https:\/\/prolitech.si\/trgovina\/wp-json\/wp\/v2\/pages"}],"about":[{"href":"https:\/\/prolitech.si\/trgovina\/wp-json\/wp\/v2\/types\/page"}],"author":[{"embeddable":true,"href":"https:\/\/prolitech.si\/trgovina\/wp-json\/wp\/v2\/users\/1"}],"replies":[{"embeddable":true,"href":"https:\/\/prolitech.si\/trgovina\/wp-json\/wp\/v2\/comments?post=3"}],"version-history":[{"count":4,"href":"https:\/\/prolitech.si\/trgovina\/wp-json\/wp\/v2\/pages\/3\/revisions"}],"predecessor-version":[{"id":12305,"href":"https:\/\/prolitech.si\/trgovina\/wp-json\/wp\/v2\/pages\/3\/revisions\/12305"}],"wp:attachment":[{"href":"https:\/\/prolitech.si\/trgovina\/wp-json\/wp\/v2\/media?parent=3"}],"wp:term":[{"taxonomy":"yst_prominent_words","embeddable":true,"href":"https:\/\/prolitech.si\/trgovina\/wp-json\/wp\/v2\/yst_prominent_words?post=3"}],"curies":[{"name":"wp","href":"https:\/\/api.w.org\/{rel}","templated":true}]}}